{"id":5147,"date":"2021-11-20T13:19:43","date_gmt":"2021-11-20T11:19:43","guid":{"rendered":"https:\/\/nikolaifromm.de\/?page_id=5147"},"modified":"2022-01-31T18:47:18","modified_gmt":"2022-01-31T16:47:18","slug":"datenschutzerklaerung","status":"publish","type":"page","link":"https:\/\/nikolaifromm.de\/en\/datenschutzerklaerung","title":{"rendered":"Datenschutzerkl\u00e4rung"},"content":{"rendered":"<div class=\"gb-container gb-container-d3aa2974\"><div class=\"gb-inside-container\">\n\n<p>In dieser Datenschutzerkl\u00e4rung informieren wir Sie \u00fcber die Verarbeitung personenbezogener Daten bei der Nutzung dieser Website.<\/p>\n\n\n\n<p>Verantwortlicher<\/p>\n\n\n\n<p>Verantwortlich f\u00fcr die Datenverarbeitung ist<br><em>Nikolai Fromm, Max-Johann Str. 9, 89155 Erbach, 015737356596, info@nikolaifromm.de<\/em><\/p>\n\n\n\n<p>Personenbezogene Daten<\/p>\n\n\n\n<p>Personenbezogene Daten sind alle Informationen, die sich auf eine identifizierte oder identifizierbare nat\u00fcrliche Person (im Folgenden &#8222;betroffene Person&#8220;) beziehen. Als identifizierbar wird eine nat\u00fcrliche Person angesehen, die direkt oder indirekt, insbesondere mittels Zuordnung zu einer Kennung wie einem Namen, zu einer Kennnummer, zu Standortdaten, zu einer Online-Kennung oder zu einem oder mehreren besonderen Merkmalen identifiziert werden kann, die Ausdruck der physischen, physiologischen, genetischen, psychischen, wirtschaftlichen, kulturellen oder sozialen Identit\u00e4t dieser nat\u00fcrlichen Person sind.<\/p>\n\n\n\n<p>Daten beim Websiteaufruf<\/p>\n\n\n\n<p>Wenn Sie diese Website nur nutzen, um sich zu informieren und keine Daten angeben, dann verarbeiten wir nur die Daten, die zur Anzeige der Website auf dem von Ihnen verwendeten internetf\u00e4higen Ger\u00e4t erforderlich sind. Das sind insbesondere:<\/p>\n\n\n\n<ul class=\"wp-block-list\"><li>IP-Adresse<\/li><li>Datum und Uhrzeit der Anfrage<\/li><li>jeweils \u00fcbertragene Datenmenge<\/li><li>die Website, von der die Anforderung kommt<\/li><li>Browsertyp und Browserversion<\/li><li>Betriebssystem<\/li><\/ul>\n\n\n\n<p>Rechtsgrundlage f\u00fcr die Verarbeitung dieser Daten sind berechtigte Interessen gem\u00e4\u00df Art. 6 Abs. 1 UAbs. 1 Buchstabe f) DSGVO, um die Darstellung der Website grunds\u00e4tzlich zu erm\u00f6glichen.<\/p>\n\n\n\n<p>Dar\u00fcber hinaus k\u00f6nnen Sie verschiedene Leistungen auf der Website nutzen, bei der weitere personenbezogene und nicht personenbezogene Daten verarbeitet werden.<\/p>\n\n\n\n<p>Ihre Rechte<\/p>\n\n\n\n<p>Als betroffene Person haben Sie folgende Rechte:<\/p>\n\n\n\n<ul class=\"wp-block-list\"><li>Sie haben ein Auskunftsrecht bez\u00fcglich der Sie betreffenden personenbezogenen Daten, die der Verantwortliche verarbeitet (Art. 15 DSGVO),<\/li><li>Sie haben das Recht auf Berichtigung der Sie betreffenden Daten, wenn diese unrichtig oder unvollst\u00e4ndig gespeichert werden (Art. 16 DSGVO),<\/li><li>Sie haben das Recht auf L\u00f6schung (Art. 17 DSGVO),<\/li><li>Sie haben das Recht, die Einschr\u00e4nkung der Verarbeitung Ihrer personenbezogenen Daten zu verlangen (Art. 18 DSGVO),<\/li><li>Sie haben das Recht auf Daten\u00fcbertragbarkeit (Art. 20 DSGVO),<\/li><li>Sie haben ein Widerspruchsrecht gegen die Verarbeitung Sie betreffender personenbezogener Daten (Art. 21 DSGVO),<\/li><li>Sie haben das Recht nicht einer ausschlie\u00dflich auf einer automatisierten Verarbeitung \u2013 einschlie\u00dflich Profiling \u2013 beruhenden Entscheidung unterworfen zu werden, die Ihnen gegen\u00fcber rechtliche Wirkung entfaltet oder sie in \u00e4hnlicher Weise erheblich beeintr\u00e4chtigt (Art. 22 DSGVO),<\/li><li>Sie haben das Recht, sich bei einem vermuteten Versto\u00df gegen das Datenschutzrecht bei der zust\u00e4ndigen Aufsichtsbeh\u00f6rde zu beschweren (Art. 77 DSGVO). Zust\u00e4ndig ist die Aufsichtsbeh\u00f6rde an Ihrem \u00fcblichen Aufenthaltsort, Arbeitsplatz oder am Ort des vermuteten Versto\u00dfes.<\/li><\/ul>\n\n\n\n<h2 class=\"wp-block-heading\" id=\"recaptcha\">RECAPTCHA<\/h2>\n\n\n\n<p>Zum Schutz Ihrer Anfragen per Internetformular verwenden wir den Dienst reCAPTCHA des Unternehmens Google LLC (Google). Die Abfrage dient der Unterscheidung, ob die Eingabe durch einen Menschen oder missbr\u00e4uchlich durch automatisierte, maschinelle Verarbeitung erfolgt. Die Abfrage schlie\u00dft den Versand der IP-Adresse und ggf. weiterer von Google f\u00fcr den Dienst reCAPTCHA ben\u00f6tigter Daten an Google ein. Zu diesem Zweck wird Ihre Eingabe an Google \u00fcbermittelt und dort weiter verwendet. Ihre IP-Adresse wird von Google jedoch innerhalb von Mitgliedstaaten der Europ\u00e4ischen Union oder in anderen Vertragsstaaten des Abkommens \u00fcber den Europ\u00e4ischen Wirtschaftsraum zuvor gek\u00fcrzt. Nur in Ausnahmef\u00e4llen wird die volle IP-Adresse an einen Server von Google in den USA \u00fcbertragen und dort gek\u00fcrzt. Im Auftrag des Betreibers dieser Website wird Google diese Informationen benutzen, um Ihre Nutzung dieses Dienstes auszuwerten. Die im Rahmen von reCaptcha von Ihrem Browser \u00fcbermittelte IP-Adresse wird nicht mit anderen Daten von Google zusammengef\u00fchrt. F\u00fcr diese Daten gelten die abweichenden Datenschutzbestimmungen des Unternehmens Google. Weitere Informationen zu den Datenschutzrichtlinien von Google finden Sie unter:\u00a0<a rel=\"noreferrer noopener\" href=\"https:\/\/policies.google.com\/privacy?hl=de\" target=\"_blank\">https:\/\/policies.google.com\/privacy?hl=de<\/a><\/p>\n\n\n\n<p><\/p>\n\n\n\n<h3 class=\"wp-block-heading\" id=\"calendly\">Calendly<\/h3>\n\n\n\n<p>Auf unserer Website haben Sie die M\u00f6glichkeit, Termine mit uns zu vereinbaren. F\u00fcr die Terminbuchung nutzen wir das Tool \u201eCalendly\u201c. Anbieter ist die Calendly LLC, 271 17th St NW, 10th Floor, Atlanta, Georgia 30363, USA (nachfolgend \u201eCalendly\u201c). https:\/\/calendly.com\/de\/pages\/privacy.<\/p>\n\n\n\n<p>Die von Ihnen eingegebenen Daten verbleiben bei uns, bis Sie uns zur L\u00f6schung auffordern, Ihre Einwilligung zur Speicherung widerrufen oder der Zweck f\u00fcr die Datenspeicherung entf\u00e4llt. Zwingende gesetzliche Bestimmungen \u2013 insbesondere Aufbewahrungsfristen \u2013 bleiben unber\u00fchrt.<\/p>\n\n\n\n<p>Rechtsgrundlage f\u00fcr die Datenverarbeitung ist Art. 6 Abs. 1 lit. f DSGVO. Der Websitebetreiber hat ein berechtigtes Interesse an einer m\u00f6glichst unkomplizierten Terminvereinbarung mit Interessenten und Kunden. Sofern eine entsprechende Einwilligung abgefragt wurde, erfolgt die Verarbeitung ausschlie\u00dflich auf Grundlage von Art. 6 Abs. 1 lit. a DSGVO und \u00a7 25 Abs. 1 TTDSG, soweit die Einwilligung die Speicherung von Cookies oder den Zugriff auf Informationen im Endger\u00e4t des Nutzers (z.\u00a0B. Device-Fingerprinting) im Sinne des TTDSG umfasst. Die Einwilligung ist jederzeit widerrufbar. <a rel=\"noreferrer noopener\" href=\"https:\/\/calendly.com\/pages\/dpa\" target=\"_blank\">https:\/\/calendly.com\/pages\/dpa<\/a><\/p>\n\n\n\n<div class=\"wp-block-columns is-layout-flex wp-container-core-columns-is-layout-9d6595d7 wp-block-columns-is-layout-flex\">\n<div class=\"wp-block-column is-layout-flow wp-block-column-is-layout-flow\" style=\"flex-basis:100%\"><\/div>\n<\/div>\n\n\n\n<h4 class=\"wp-block-heading\" id=\"auftragsverarbeitung\">Auftragsverarbeitung<\/h4>\n\n\n\n<p>Wir haben einen Vertrag \u00fcber Auftragsverarbeitung (AVV) mit dem oben genannten Anbieter geschlossen. Hierbei handelt es sich um einen datenschutzrechtlich vorgeschriebenen Vertrag, der gew\u00e4hrleistet, dass dieser die personenbezogenen Daten unserer Websitebesucher nur nach unseren Weisungen und unter Einhaltung der DSGVO verarbeitet.<\/p>\n\n\n\n<p><\/p>\n\n\n\n<h3 class=\"wp-block-heading\" id=\"google-analytics\">Google Analytics<\/h3>\n\n\n\n<p>Diese Website nutzt Funktionen des Webanalysedienstes Google Analytics. Anbieter ist die Google Ireland Limited (\u201eGoogle\u201c), Gordon House, Barrow Street, Dublin 4, Irland.<\/p>\n\n\n\n<p>Google Analytics erm\u00f6glicht es dem Websitebetreiber, das Verhalten der Websitebesucher zu analysieren. Hierbei erh\u00e4lt der Websitebetreiber verschiedene Nutzungsdaten, wie z.&nbsp;B. Seitenaufrufe, Verweildauer, verwendete Betriebssysteme und Herkunft des Nutzers. Diese Daten werden dem jeweiligen Endger\u00e4t des Users zugeordnet. Eine Zuordnung zu einer Ger\u00e4te-ID erfolgt nicht.<\/p>\n\n\n\n<p>Des Weiteren k\u00f6nnen wir mit Google Analytics u.&nbsp;a. Ihre Maus- und Scrollbewegungen und Klicks aufzeichnen. Ferner verwendet Google Analytics verschiedene Modellierungsans\u00e4tze, um die erfassten Datens\u00e4tze zu erg\u00e4nzen und setzt Machine-Learning-Technologien bei der Datenanalyse ein.<\/p>\n\n\n\n<p>Google Analytics verwendet Technologien, die die Wiedererkennung des Nutzers zum Zwecke der Analyse des Nutzerverhaltens erm\u00f6glichen (z.&nbsp;B. Cookies oder Device-Fingerprinting). Die von Google erfassten Informationen \u00fcber die Benutzung dieser Website werden in der Regel an einen Server von Google in den USA \u00fcbertragen und dort gespeichert.<\/p>\n\n\n\n<p>Die Nutzung dieses Analyse-Tools erfolgt auf Grundlage von Art. 6 Abs. 1 lit. f DSGVO. Der Websitebetreiber hat ein berechtigtes Interesse an der Analyse des Nutzerverhaltens, um sowohl sein Webangebot als auch seine Werbung zu optimieren. Sofern eine entsprechende Einwilligung abgefragt wurde, erfolgt die Verarbeitung ausschlie\u00dflich auf Grundlage von Art. 6 Abs. 1 lit. a DSGVO und \u00a7 25 Abs. 1 TTDSG, soweit die Einwilligung die Speicherung von Cookies oder den Zugriff auf Informationen im Endger\u00e4t des Nutzers (z.&nbsp;B. Device-Fingerprinting) im Sinne des TTDSG umfasst. Die Einwilligung ist jederzeit widerrufbar.<\/p>\n\n\n\n<p>Die Daten\u00fcbertragung in die USA wird auf die Standardvertragsklauseln der EU-Kommission gest\u00fctzt. Details finden Sie hier:&nbsp;<a href=\"https:\/\/privacy.google.com\/businesses\/controllerterms\/mccs\/\" target=\"_blank\" rel=\"noreferrer noopener\">https:\/\/privacy.google.com\/businesses\/controllerterms\/mccs\/<\/a>.<\/p>\n\n\n\n<h4 class=\"wp-block-heading\" id=\"ip-anonymisierung\">IP Anonymisierung<\/h4>\n\n\n\n<p>Wir haben auf dieser Website die Funktion IP-Anonymisierung aktiviert. Dadurch wird Ihre IP-Adresse von Google innerhalb von Mitgliedstaaten der Europ\u00e4ischen Union oder in anderen Vertragsstaaten des Abkommens \u00fcber den Europ\u00e4ischen Wirtschaftsraum vor der \u00dcbermittlung in die USA gek\u00fcrzt. Nur in Ausnahmef\u00e4llen wird die volle IP-Adresse an einen Server von Google in den USA \u00fcbertragen und dort gek\u00fcrzt. Im Auftrag des Betreibers dieser Website wird Google diese Informationen benutzen, um Ihre Nutzung der Website auszuwerten, um Reports \u00fcber die Websiteaktivit\u00e4ten zusammenzustellen und um weitere mit der Websitenutzung und der Internetnutzung verbundene Dienstleistungen gegen\u00fcber dem Websitebetreiber zu erbringen. Die im Rahmen von Google Analytics von Ihrem Browser \u00fcbermittelte IP-Adresse wird nicht mit anderen Daten von Google zusammengef\u00fchrt.<\/p>\n\n\n\n<h4 class=\"wp-block-heading\" id=\"browser-plugin\">Browser Plugin<\/h4>\n\n\n\n<p>Sie k\u00f6nnen die Erfassung und Verarbeitung Ihrer Daten durch Google verhindern, indem Sie das unter dem folgenden Link verf\u00fcgbare Browser-Plugin herunterladen und installieren:&nbsp;<a href=\"https:\/\/tools.google.com\/dlpage\/gaoptout?hl=de\" target=\"_blank\" rel=\"noreferrer noopener\">https:\/\/tools.google.com\/dlpage\/gaoptout?hl=de<\/a>.<\/p>\n\n\n\n<p>Mehr Informationen zum Umgang mit Nutzerdaten bei Google Analytics finden Sie in der Datenschutzerkl\u00e4rung von Google:&nbsp;<a href=\"https:\/\/support.google.com\/analytics\/answer\/6004245?hl=de\" target=\"_blank\" rel=\"noreferrer noopener\">https:\/\/support.google.com\/analytics\/answer\/6004245?hl=de<\/a>.<\/p>\n\n\n\n<h4 class=\"wp-block-heading\" id=\"demografische-merkmale-bei-google-analytics\">Demografische Merkmale bei Google Analytics<\/h4>\n\n\n\n<p>Diese Website nutzt die Funktion \u201edemografische Merkmale\u201c von Google Analytics, um den Websitebesuchern passende Werbeanzeigen innerhalb des Google-Werbenetzwerks anzeigen zu k\u00f6nnen. Dadurch k\u00f6nnen Berichte erstellt werden, die Aussagen zu Alter, Geschlecht und Interessen der Seitenbesucher enthalten. Diese Daten stammen aus interessenbezogener Werbung von Google sowie aus Besucherdaten von Drittanbietern. Diese Daten k\u00f6nnen keiner bestimmten Person zugeordnet werden. Sie k\u00f6nnen diese Funktion jederzeit \u00fcber die Anzeigeneinstellungen in Ihrem Google-Konto deaktivieren oder die Erfassung Ihrer Daten durch Google Analytics wie im Punkt \u201eWiderspruch gegen Datenerfassung\u201c dargestellt generell untersagen.<\/p>\n\n\n\n<h4 class=\"wp-block-heading\" id=\"auftragsverarbeitung\">Auftragsverarbeitung<\/h4>\n\n\n\n<p>Wir haben mit Google einen Vertrag zur Auftragsverarbeitung abgeschlossen und setzen die strengen Vorgaben der deutschen Datenschutzbeh\u00f6rden bei der Nutzung von Google Analytics vollst\u00e4ndig um.<\/p>\n\n\n\n<h4 class=\"wp-block-heading\" id=\"google-analytics-e-commerce-messung\">Google Analytics E-Commerce-Messung<\/h4>\n\n\n\n<p>Diese Website nutzt die Funktion \u201eE-Commerce-Messung\u201c von Google Analytics. Mit Hilfe von E-Commerce-Messung kann der Websitebetreiber das Kaufverhalten der Websitebesucher zur Verbesserung seiner Online-Marketing-Kampagnen analysieren. Hierbei werden Informationen, wie zum Beispiel die get\u00e4tigten Bestellungen, durchschnittliche Bestellwerte, Versandkosten und die Zeit von der Ansicht bis zum Kauf eines Produktes erfasst. Diese Daten k\u00f6nnen von Google unter einer Transaktions-ID zusammengefasst werden, die dem jeweiligen Nutzer bzw. dessen Ger\u00e4t zugeordnet ist.<\/p>\n\n\n\n<h3 class=\"wp-block-heading\" id=\"wordpress-statistik\">WordPress Statistik<\/h3>\n\n\n\n<p>Diese Website nutzt \u201eWordPress Statistik\u201c, um Besucherzugriffe statistisch auszuwerten. Anbieter ist die Aut O\u2019Mattic A8C Ireland Ltd., Business Centre, No.1 Lower Mayor Street, International Financial Services Centre, Dublin 1, Irland, deren Mutterunternehmen in den USA sitzt.<\/p>\n\n\n\n<p>WordPress Statistik verwendet Technologien, die die Wiedererkennung des Nutzers zum Zwecke der Analyse des Nutzerverhaltens erm\u00f6glichen (z.&nbsp;B. Cookies oder Device-Fingerprinting). WordPress Statistik erfasst zur Analyse u.&nbsp;a. Logdateien (Referrer, IP-Adresse, Browser u.&nbsp;a.), die Herkunft der Websitebesucher (Land, Stadt) und welche Aktionen sie auf der Seite get\u00e4tigt haben (z.&nbsp;B. Klicks, Ansichten, Downloads). Die so erfassten Informationen \u00fcber die Benutzung dieser Website werden auf Servern in den USA gespeichert. Ihre IP-Adresse wird nach der Verarbeitung und vor der Speicherung anonymisiert.<\/p>\n\n\n\n<p>Die Nutzung dieses Analyse-Tools erfolgt auf Grundlage von Art. 6 Abs. 1 lit. f DSGVO. Der Websitebetreiber hat ein berechtigtes Interesse an der anonymisierten Analyse des Nutzerverhaltens, um sowohl sein Webangebot als auch seine Werbung zu optimieren. Sofern eine entsprechende Einwilligung abgefragt wurde, erfolgt die Verarbeitung ausschlie\u00dflich auf Grundlage von Art. 6 Abs. 1 lit. a DSGVO und \u00a7 25 Abs. 1 TTDSG, soweit die Einwilligung die Speicherung von Cookies oder den Zugriff auf Informationen im Endger\u00e4t des Nutzers (z.&nbsp;B. Device-Fingerprinting) im Sinne des TTDSG umfasst. Die Einwilligung ist jederzeit widerrufbar.<\/p>\n\n\n\n<p>Die Daten\u00fcbertragung in die USA wird auf die Standardvertragsklauseln der EU-Kommission gest\u00fctzt. Details finden Sie hier:&nbsp;<a href=\"https:\/\/automattic.com\/de\/privacy\/\" target=\"_blank\" rel=\"noreferrer noopener\">https:\/\/automattic.com\/de\/privacy\/<\/a>.<\/p>\n\n<\/div><\/div>","protected":false},"excerpt":{"rendered":"<p>In dieser Datenschutzerkl\u00e4rung informieren wir Sie \u00fcber die Verarbeitung personenbezogener Daten bei der Nutzung dieser Website. Verantwortlicher Verantwortlich f\u00fcr die Datenverarbeitung istNikolai Fromm, Max-Johann Str. 9, 89155 Erbach, 015737356596, info@nikolaifromm.de Personenbezogene Daten Personenbezogene Daten sind alle Informationen, die sich auf eine identifizierte oder identifizierbare nat\u00fcrliche Person (im Folgenden &#8222;betroffene Person&#8220;) beziehen. Als identifizierbar wird eine &#8230; <a title=\"Datenschutzerkl\u00e4rung\" class=\"read-more\" href=\"https:\/\/nikolaifromm.de\/en\/datenschutzerklaerung\" aria-label=\"Read more about Datenschutzerkl\u00e4rung\">Read more<\/a><\/p>","protected":false},"author":2,"featured_media":0,"parent":0,"menu_order":0,"comment_status":"closed","ping_status":"closed","template":"","meta":{"_coblocks_attr":"","_coblocks_dimensions":"","_coblocks_responsive_height":"","_coblocks_accordion_ie_support":"","_uag_custom_page_level_css":"","advgb_blocks_editor_width":"","advgb_blocks_columns_visual_guide":"","slim_seo":[],"footnotes":""},"class_list":["post-5147","page","type-page","status-publish"],"jetpack_sharing_enabled":true,"uagb_featured_image_src":{"full":false,"thumbnail":false,"medium":false,"medium_large":false,"large":false,"gs-tiny":false,"xl":false,"xxl":false,"xxxl":false,"xxxxl":false,"xxxxxl":false,"1536x1536":false,"2048x2048":false,"trp-custom-language-flag":false},"uagb_author_info":{"display_name":"Lisa","author_link":"https:\/\/nikolaifromm.de\/en\/author\/lisa"},"uagb_comment_info":0,"uagb_excerpt":"In dieser Datenschutzerkl\u00e4rung informieren wir Sie \u00fcber die Verarbeitung personenbezogener Daten bei der Nutzung dieser Website. Verantwortlicher Verantwortlich f\u00fcr die Datenverarbeitung istNikolai Fromm, Max-Johann Str. 9, 89155 Erbach, 015737356596, info@nikolaifromm.de Personenbezogene Daten Personenbezogene Daten sind alle Informationen, die sich auf eine identifizierte oder identifizierbare nat\u00fcrliche Person (im Folgenden &#8222;betroffene Person&#8220;) beziehen. Als identifizierbar wird eine&hellip;","coauthors":[],"author_meta":{"author_link":"https:\/\/nikolaifromm.de\/en\/author\/lisa","display_name":"Lisa"},"relative_dates":{"created":"Posted 4 years ago","modified":"Updated 4 years ago"},"absolute_dates":{"created":"Posted on 20\/11\/2021","modified":"Updated on 31\/01\/2022"},"absolute_dates_time":{"created":"Posted on 20\/11\/2021 13:19","modified":"Updated on 31\/01\/2022 18:47"},"featured_img_caption":"","featured_img":false,"series_order":"","_links":{"self":[{"href":"https:\/\/nikolaifromm.de\/en\/wp-json\/wp\/v2\/pages\/5147","targetHints":{"allow":["GET"]}}],"collection":[{"href":"https:\/\/nikolaifromm.de\/en\/wp-json\/wp\/v2\/pages"}],"about":[{"href":"https:\/\/nikolaifromm.de\/en\/wp-json\/wp\/v2\/types\/page"}],"author":[{"embeddable":true,"href":"https:\/\/nikolaifromm.de\/en\/wp-json\/wp\/v2\/users\/2"}],"replies":[{"embeddable":true,"href":"https:\/\/nikolaifromm.de\/en\/wp-json\/wp\/v2\/comments?post=5147"}],"version-history":[{"count":4,"href":"https:\/\/nikolaifromm.de\/en\/wp-json\/wp\/v2\/pages\/5147\/revisions"}],"predecessor-version":[{"id":5738,"href":"https:\/\/nikolaifromm.de\/en\/wp-json\/wp\/v2\/pages\/5147\/revisions\/5738"}],"wp:attachment":[{"href":"https:\/\/nikolaifromm.de\/en\/wp-json\/wp\/v2\/media?parent=5147"}],"curies":[{"name":"wp","href":"https:\/\/api.w.org\/{rel}","templated":true}]}}