{"id":5294,"date":"2021-11-20T17:02:12","date_gmt":"2021-11-20T15:02:12","guid":{"rendered":"https:\/\/nikolaifromm.de\/?page_id=5294"},"modified":"2021-11-20T17:05:03","modified_gmt":"2021-11-20T15:05:03","slug":"agb","status":"publish","type":"page","link":"https:\/\/nikolaifromm.de\/en\/agb","title":{"rendered":"terms and conditions"},"content":{"rendered":"<div class=\"gb-container gb-container-1f3b2d1e alignfull\"><div class=\"gb-inside-container\">\n<div class=\"gb-container gb-container-9fc20f30\"><div class=\"gb-inside-container\">\n\n<h2 class=\"gb-headline gb-headline-9e3004c9 gb-headline-text\"><strong>Allgemeine Liefer- und Gesch\u00e4ftsbedingungen<\/strong><\/h2>\n\n\n\n<h3 class=\"gb-headline gb-headline-99c66ae2 gb-headline-text\"><strong>Geltung<\/strong><\/h3>\n\n\n\n<p>Die nachfolgenden allgemeinen Liefer- und Gesch\u00e4ftsbedingungen (im folgenden AGB genannt) gelten f\u00fcr alle vom Fotografen durchgef\u00fchrten Auftr\u00e4ge, Angebote, Lieferungen und Leistungen.<\/p>\n\n\n\n<p>Sie gelten als vereinbart mit Entgegennahme der Lieferung oder Leistung bzw. des Angebots des Fotografen durch den Kunden, oder konkludent durch Annahme der Leistung (z.B. Hochladen des Bildmaterials zur Verwendung oder Ver\u00f6ffentlichung) sowie ohne ausdr\u00fcckliche Einbeziehung auch f\u00fcr alle zuk\u00fcnftigen Auftr\u00e4ge, Angebote, Lieferungen und Leistungen des Fotografen.<\/p>\n\n\n\n<p>Abweichenden Gesch\u00e4ftsbedingungen des Kunden wird hiermit widersprochen. Diese erlangen nur G\u00fcltigkeit, wenn der Fotograf sie schriftlich oder in Textform anerkennt.<\/p>\n\n\n\n<p>Wenn der Kunde den AGB widersprechen will, so muss er dies schriftlich oder in Textform vor Annahme des Angebots erkl\u00e4ren. Die nicht akzeptierten Klauseln sind durch Individualvereinbarungen zu ersetzen.&nbsp;<\/p>\n\n\n\n<h3 class=\"gb-headline gb-headline-5f010f1b gb-headline-text\"><strong>Leistung des Fotografen<\/strong><\/h3>\n\n\n\n<p>Werke im Sinne dieser AGB sind alle vom Fotografen hergestellten Produkte, gleich in welcher technischen Form oder in welchem Medium sie erstellt wurden oder vorliegen. (digitale Fotos, Papierbilder, Downloads, bewegte Bilder, Fotomontage, Videos, Filme, usw.)<\/p>\n\n\n\n<p>Die AGB gelten auch f\u00fcr jegliches dem Kunden als Muster oder zur Auswahl \u00fcberlassenes Bildmaterial, gleich in welcher Schaffensstufe oder in welcher technischen Form sie vorliegen.&nbsp;<\/p>\n\n\n\n<p>z.B. Dem Kunden wird eine Bildgalerie zur Verf\u00fcgung gestellt, aus der einzelne Bilder oder Bilderserien ausgesucht werden k\u00f6nnen. (Angebot) In diesem Fall ist der Nutzungsvertrag mit dem Herunterladen eines Bildes zustande gekommen (Annahme).<\/p>\n\n\n\n<p>Im Falle der Auftragsproduktion (Marketingspots, Videos, Social Media Pr\u00e4sentationen), werden die Werke, die dem Kunden nach Abschluss der Produktion zur Abnahme vorgelegt werden, durch den Fotografen ausgew\u00e4hlt. Sind dem Fotografen innerhalb von zwei Wochen nach Ablieferung der Werke keine schriftlichen M\u00e4ngelr\u00fcgen zugegangen, gelten die Aufnahmen als vertragsgem\u00e4\u00df und m\u00e4ngelfrei abgenommen.&nbsp;<\/p>\n\n\n\n<h3 class=\"gb-headline gb-headline-2d322b0b gb-headline-text\"><strong>Honorar&nbsp;<\/strong><\/h3>\n\n\n\n<p>F\u00fcr die Herstellung der Werke wird ein Honorar als Stundensatz, Tagessatz oder vereinbarte Pauschale zuz\u00fcglich der gesetzlichen Mehrwertsteuer berechnet; Auslagen und Nebenkosten (Reisekosten, Modellhonorare, Spesen, Requisiten, Materialkosten, Studiomieten etc.) sind vom Auftraggeber zu tragen.&nbsp;<\/p>\n\n\n\n<p>Mit dem vereinbarten Honorar wird die einmalige Nutzung des Bildmaterials zu dem vereinbarten oder zu erwartenden Vertragszweck unter Ber\u00fccksichtigung der Urheberrechte (s. Abs. VI.) abgegolten&nbsp;<\/p>\n\n\n\n<p>F\u00fcr Zweitverwertung der Bilder falls kein Honorar vereinbart wurde, bestimmt es sich nach der jeweils aktuellen Bildhonorar\u00fcbersicht der Mittelstandsgemeinschaft Foto Marketing (MFM). Das Honorar versteht sich zuz\u00fcglich der jeweils g\u00fcltigen Mehrwertsteuer.&nbsp;<\/p>\n\n\n\n<p>Der Fotograf ist berechtigt, Vorsch\u00fcsse in angemessener H\u00f6he zu fordern. Angemessen gelten f\u00fcr einmalige Leistungen 50 % des Auftragsvolumens. Bei Teillieferungen sind Abschlagszahlungen in H\u00f6he der Teilleistung angemessen. F\u00fcr Auslagen und Nebenkosten, sowie sonstige Leistungen von Dritten zur Durchf\u00fchrung der Produktion erforderlich sind (z.B. f\u00fcr Visagisten, Verleih von Equipment oder Kost\u00fcme bzw. Accessoires) k\u00f6nnen hierf\u00fcr Vorschussrechnungen in H\u00f6he der Kostenvoranschl\u00e4ge oder Rechnungen der Dritten gestellt werden. Der Fotograf ist berechtigt bis zur Zahlung der Vorschussrechnungen die Leistung ganz oder in Teilen zur\u00fcckzubehalten.<\/p>\n\n\n\n<p>Der Honoraranspruch ist bei Ablieferung der Aufnahme in voller H\u00f6he abz\u00fcglich bereits bezahlter Vorsch\u00fcsse f\u00e4llig. Wird eine Produktion in Teilen abgeliefert, so ist das entsprechende Teilhonorar mit jeweiliger Lieferung f\u00e4llig.&nbsp;<\/p>\n\n\n\n<p>Das Honorar gem\u00e4\u00df III. Ziff. 1 AGB ist auch dann in voller H\u00f6he zu zahlen, wenn das in Auftrag gegebene und gelieferte Bildmaterial nicht f\u00fcr den vertraglich vereinbarten Zweck verwendet wird oder \u00fcberhaupt nicht ver\u00f6ffentlicht wird oder dieses als Vorlage f\u00fcr Layout- und Pr\u00e4sentationszweck verwendet wird.<\/p>\n\n\n\n<p>Eine Aufrechnung oder die Aus\u00fcbung des Zur\u00fcckbehaltungsrechts durch den Kunden ist nur mit unbestrittenen oder rechtskr\u00e4ftig festgestellten Forderungen des Kunden zul\u00e4ssig.<\/p>\n\n\n\n<h3 class=\"gb-headline gb-headline-8fd1fb46 gb-headline-text\"><strong>Nebenleistungen<\/strong><\/h3>\n\n\n\n<p>Vom Kunden in Auftrag gegebene Gestaltungsvorschl\u00e4ge oder Konzeptionen sind eigenst\u00e4ndige Leistungen, die zu verg\u00fcten sind.&nbsp;<\/p>\n\n\n\n<p>Die \u00fcberlassenen Werke bleiben Eigentum des Fotografen, und zwar auch in dem Fall, dass Schadensersatz hierf\u00fcr geleistet wird. Der Kunde hat die zur Verf\u00fcgung gestellten Versionen in der bereitgestellten Form sorgf\u00e4ltig und pfleglich zu behandeln und darf es an Dritte nur zu gesch\u00e4ftsinternen Zwecken der Sichtung, Auswahl und technischen Verarbeitung weitergeben.<\/p>\n\n\n\n<h3 class=\"gb-headline gb-headline-99ddf64f gb-headline-text\"><strong>Leistungsst\u00f6rung, Ausfallhonorar&nbsp;<\/strong><\/h3>\n\n\n\n<p>Reklamationen, die den Inhalt der gelieferten Sendung oder Inhalt, Qualit\u00e4t oder Zustand des Bildmaterials betreffen, sind innerhalb von zwei Wochen nach Empfang mitzuteilen. Anderenfalls gilt das Bildmaterial als ordnungsgem\u00e4\u00df, vertragsgem\u00e4\u00df und wie verzeichnet zugegangen.<\/p>\n\n\n\n<p>R\u00fcckgabe des Bildmaterials: Digitale Daten sind nach Abschluss der Nutzung grunds\u00e4tzlich zu l\u00f6schen bzw. Datentr\u00e4ger zu vernichten. Der Fotograf haftet nicht f\u00fcr den Bestand und\/oder die M\u00f6glichkeit einer erneuten Lieferung der Daten. \u00dcberl\u00e4sst der Fotograf auf Anforderung des Kunden oder mit dessen Einverst\u00e4ndnis Bildmaterial lediglich zum Zwecke der Pr\u00fcfung, ob eine Nutzung oder Ver\u00f6ffentlichung in Betracht kommt, hat der Kunde digitale Daten sp\u00e4testens innerhalb von einem Monat zu l\u00f6schen bzw. sind die Datentr\u00e4ger zu vernichten oder zur\u00fcckzugeben. Eine Verl\u00e4ngerung dieser Frist ist nur wirksam, wenn sie vom Fotografen schriftlich best\u00e4tigt worden ist.&nbsp;<\/p>\n\n\n\n<p>Soweit der Fotograf Kostenvoranschl\u00e4ge erstellt, sind diese als Richtgr\u00f6\u00dfe zu sehen. Treten w\u00e4hrend der Produktion Kostenerh\u00f6hungen ein, sind diese erst dann vom Fotografen anzuzeigen, wenn erkennbar wird, dass hierdurch eine \u00dcberschreitung der urspr\u00fcnglich veranschlagten Gesamtkosten oder der veranschlagten Zeit um mehr als 15 % zu erwarten ist.&nbsp;<\/p>\n\n\n\n<p>Wird die vorgesehene Produktionszeit aus Gr\u00fcnden \u00fcberschritten, die der Fotograf nicht zu vertreten hat, so ist eine zus\u00e4tzliche Verg\u00fctung auf der Grundlage des vereinbarten Zeithonorars bzw. in Form einer angemessenen Erh\u00f6hung des Pauschalhonorars pro Stunde zu leisten. Dies gilt verschuldensunabh\u00e4ngig auch f\u00fcr entstehende Wartezeiten des Fotografen.<\/p>\n\n\n\n<p>Verz\u00f6gerungen, die aufgrund der Nichtzahlung von Vorsch\u00fcssen entstehen sind nicht vom Fotografen zu vertreten.<\/p>\n\n\n\n<p>Werden Vorsch\u00fcsse auch nach Mahnung des Fotografen nicht verg\u00fctet, beh\u00e4lt sich der Fotograf vor, vom Vertrag zur\u00fcckzutreten und Schadensersatz in H\u00f6he einer Vertragsstrafe zu verlangen, wie folgt:<\/p>\n\n\n\n<p>-zwei Wochen vor geplanter Durchf\u00fchrung in H\u00f6he von 25% des Leistungsvolumens;<\/p>\n\n\n\n<p>-eine Woche vorher: 50 %<\/p>\n\n\n\n<p>-weniger als eine Woche vorher 75%<\/p>\n\n\n\n<p>Das Gleiche gilt f\u00fcr den Fall des R\u00fccktritts oder K\u00fcndigung seitens des Auftraggebers.<\/p>\n\n\n\n<h3 class=\"gb-headline gb-headline-a71d76c5 gb-headline-text\"><strong>VI. Urheberrecht&nbsp;<\/strong><\/h3>\n\n\n\n<p>\u00dcbertr\u00e4gt der Fotograf Nutzungsrechte an seinen Werken, ist &#8211; sofern nicht ausdr\u00fccklich etwas anderes vereinbart wurde &#8211; jeweils nur das einfache Nutzungsrecht \u00fcbertragen. Mit der Lieferung wird lediglich das Nutzungsrecht \u00fcbertragen f\u00fcr die einmalige Nutzung des Bildmaterials zu dem vom Kunden angegebenen Zweck und in der Publikation und in dem Medium oder Datentr\u00e4ger, welche\/-s\/-n der Kunde angegeben hat oder welche\/-s\/-r sich aus den Umst\u00e4nden der Auftragserteilung ergibt. Im Zweifelsfall ist ma\u00dfgeblich der Nutzungszweck, f\u00fcr den das Bildmaterial ausweislich des Lieferscheins oder der Versandadresse zur Verf\u00fcgung gestellt worden ist.&nbsp;<\/p>\n\n\n\n<p>Eine Weitergabe von Nutzungsrechten bedarf der besonderen Vereinbarung.<\/p>\n\n\n\n<p>Die Nutzungsrechte gehen erst \u00fcber nach vollst\u00e4ndiger Bezahlung des Honorars an den Fotografen \u00fcber.<\/p>\n\n\n\n<p>Der Besteller eines Bildes i.S. vom \u00a7 60 UrhG hat kein Recht, das Lichtbild zu vervielf\u00e4ltigen und zu verbreiten, wenn nicht die entsprechenden Nutzungsrechte \u00fcbertragen worden sind. \u00a7 60 UrhG wird ausdr\u00fccklich abbedungen. Die Digitalisierung, Speicherung und Vervielf\u00e4ltigung der Lichtbilder des Fotografen auf Datentr\u00e4gern aller Art bedarf der vorherigen schriftlichen Zustimmung des Fotografen.<\/p>\n\n\n\n<p>Bei der Verwertung der Lichtbilder kann der Fotograf, sofern nichts anderes vereinbart wurde, verlangen, als Urheber des Lichtbildes genannt zu werden. Eine Verletzung des Rechts auf Namensnennung berechtigt den Fotografen zum Schadensersatz.<\/p>\n\n\n\n<p>Die Bilddateien verbleiben beim Fotografen. Dieser darf sie auch w\u00e4hrend und nach der vereinbarten Nutzungszeit zu eigenen Werbezwecken verwenden. Ein Verzicht hierauf ist durch Individualvereinbarung m\u00f6glich.<\/p>\n\n\n\n<p>Jede \u00fcber Ziffer 1. hinausgehende Nutzung, Verwertung, Vervielf\u00e4ltigung, Verbreitung oder Ver\u00f6ffentlichung ist honorarpflichtig und bedarf der vorherigen ausdr\u00fccklichen Zustimmung des Fotografen. Das gilt insbesondere f\u00fcr: eine Zweitverwertung oder Zweitver\u00f6ffentlichung, insbesondere in Sammelb\u00e4nden, produktbegleitenden Prospekten, bei Werbema\u00dfnahmen oder bei sonstigen Nachdrucken, jegliche Bearbeitung, \u00c4nderung oder Umgestaltung des Bildmaterials, die Digitalisierung, Speicherung oder Duplizierung des Bildmaterials auf Datentr\u00e4gern aller Art (z.B. magnetische, optische, magnetoptische oder elektronische Tr\u00e4germedien wie CD-ROM, DVD, Festplatten, Arbeitsspeicher etc.), soweit dieses nicht nur der technischen Verarbeitung und Verwaltung des Bildmaterials gem. V. Ziff. 1. AGB dient, jegliche Vervielf\u00e4ltigung oder Nutzung der Bilddaten auf digitalen Datentr\u00e4gern, jegliche Aufnahme oder Wiedergabe der Bilddaten im Internet oder in Online-Datenbanken oder in anderen elektronischen Archiven (auch soweit es sich um interne elektronische Archive des Kunden handelt),die Weitergabe des digitalisierten Bildmaterials im Wege der Datenfern\u00fcbertragung&nbsp; oder auf Datentr\u00e4gern, die zur \u00f6ffentlichen Wiedergabe auf Bildschirmen oder zur Herstellung von Hardcopies geeignet sind.<\/p>\n\n\n\n<p>Jegliche Ver\u00e4nderungen des Bildmaterials z.B. durch Foto-Composing, Rendering, Montage oder durch elektronische Hilfsmittel insbesondere zur Erstellung eines neuen urheberrechtlich gesch\u00fctzten Werkes sind nur nach vorheriger schriftlicher Zustimmung des Fotografen und nur bei Kennzeichnung mit [Foto\/Video: Nikolai Fromm \u2013 NF_photography] gestattet.&nbsp;<\/p>\n\n\n\n<p>Auch darf das Bildmaterial nicht abgezeichnet, nachgestellt fotografiert oder anderweitig als Motiv benutzt werden. Der Kunde ist nicht berechtigt, die ihm einger\u00e4umten Nutzungsrechte ganz oder teilweise auf Dritte, auch nicht auf andere Konzern- oder Tochterunternehmen, zu \u00fcbertragen. Jegliche Nutzung, Wiedergabe oder Weitergabe des Bildmaterials ist nur gestattet unter der Voraussetzung der Anbringung des vom Fotografen vorgegebenen Urhebervermerks in zweifelsfreier Zuordnung zum jeweiligen Bild. Die Einr\u00e4umung der Nutzungsrechte steht unter der aufschiebenden Bedingung der vollst\u00e4ndigen Bezahlung s\u00e4mtlicher Zahlungsanspr\u00fcche des Fotografen aus dem jeweiligen Vertragsverh\u00e4ltnis.<\/p>\n\n\n\n<h3 class=\"gb-headline gb-headline-f85e3500 gb-headline-text\"><strong>Haftung&nbsp;<\/strong><\/h3>\n\n\n\n<p>Der Fotograf \u00fcbernimmt keine Haftung f\u00fcr die Verletzung von Rechten abgebildeter Personen oder Objekte, es sei denn, es wird ein entsprechend unterzeichnetes Release-Formular beigef\u00fcgt. Anderenfalls verpflichtet sich der Auftraggeber, den Fotografen schadlos zu stellen.&nbsp;<\/p>\n\n\n\n<p>Der Erwerb von Nutzungsrechten \u00fcber das fotografische Urheberrecht hinaus, z. B. f\u00fcr abgebildete Werke der bildenden oder angewandten Kunst sowie die Einholung von Ver\u00f6ffentlichungsgenehmigungen bei Sammlungen, Museen etc. obliegt dem Kunden. Der Kunde tr\u00e4gt die Verantwortung f\u00fcr die Betextung sowie die sich aus der konkreten Ver\u00f6ffentlichung ergebenden Sinnzusammenh\u00e4nge. Ab dem Zeitpunkt der ordnungsgem\u00e4\u00dfen Lieferung des Bildmaterials ist der Kunde f\u00fcr dessen sachgem\u00e4\u00dfe Verwendung verantwortlich.<\/p>\n\n\n\n<h3 class=\"gb-headline gb-headline-cb67e924 gb-headline-text\"><strong>Vertragsstrafe, Schadensersatz<\/strong><\/h3>\n\n\n\n<p>Bei jeglicher unberechtigten (ohne Zustimmung des Fotografen erfolgten) Nutzung, Verwendung, Wiedergabe oder Weitergabe des Bildmaterials ist f\u00fcr jeden Einzelfall eine Vertragsstrafe in H\u00f6he des f\u00fcnffachen Nutzungshonorars zu zahlen, vorbehaltlich weitergehender Schadensersatzanspr\u00fcche.<\/p>\n\n\n\n<p>Bei unterlassenem, unvollst\u00e4ndigem, falsch platziertem oder nicht zuordnungsf\u00e4higem Urhebervermerk ist ein Aufschlag in H\u00f6he von 100% auf das vereinbarte bzw. \u00fcbliche Nutzungshonorar zu zahlen.<\/p>\n\n\n\n<h3 class=\"gb-headline gb-headline-7a1afdc9 gb-headline-text\"><strong>Schlussbestimmungen&nbsp;<\/strong><\/h3>\n\n\n\n<p>Erf\u00fcllungsort f\u00fcr alle Verpflichtungen aus dem Vertragsverh\u00e4ltnis ist der Sitz des Fotografen, wenn der Vertragspartner nicht Verbraucher ist.&nbsp;<\/p>\n\n\n\n<p>Es gilt das Recht der Bundesrepublik Deutschland als vereinbart, und zwar auch bei Lieferungen ins Ausland.<\/p>\n\n\n\n<p>Nebenabreden zum Vertrag oder zu diesen AGB bed\u00fcrfen zu ihrer Wirksamkeit der Schriftform. Die etwaige Nichtigkeit bzw. Unwirksamkeit einer oder mehrerer Bestimmungen dieser AGB ber\u00fchrt nicht die Wirksamkeit der \u00fcbrigen Bestimmungen. Die Parteien verpflichten sich, die ung\u00fcltige Bestimmung durch eine sinnentsprechende wirksame Bestimmung zu ersetzen, die der angestrebten Regelung wirtschaftlich und juristisch am n\u00e4chsten kommt.&nbsp;<\/p>\n\n<\/div><\/div>\n\n\n<\/div><\/div>","protected":false},"excerpt":{"rendered":"<p>Allgemeine Liefer- und Gesch\u00e4ftsbedingungen Geltung Die nachfolgenden allgemeinen Liefer- und Gesch\u00e4ftsbedingungen (im folgenden AGB genannt) gelten f\u00fcr alle vom Fotografen durchgef\u00fchrten Auftr\u00e4ge, Angebote, Lieferungen und Leistungen. Sie gelten als vereinbart mit Entgegennahme der Lieferung oder Leistung bzw. des Angebots des Fotografen durch den Kunden, oder konkludent durch Annahme der Leistung (z.B. Hochladen des Bildmaterials zur &#8230; <a title=\"terms and conditions\" class=\"read-more\" href=\"https:\/\/nikolaifromm.de\/en\/agb\" aria-label=\"Read more about AGB\">Read more<\/a><\/p>","protected":false},"author":2,"featured_media":0,"parent":0,"menu_order":0,"comment_status":"closed","ping_status":"closed","template":"","meta":{"_coblocks_attr":"","_coblocks_dimensions":"","_coblocks_responsive_height":"","_coblocks_accordion_ie_support":"","_uag_custom_page_level_css":"","advgb_blocks_editor_width":"","advgb_blocks_columns_visual_guide":"","slim_seo":[],"footnotes":""},"class_list":["post-5294","page","type-page","status-publish"],"jetpack_sharing_enabled":true,"uagb_featured_image_src":{"full":false,"thumbnail":false,"medium":false,"medium_large":false,"large":false,"gs-tiny":false,"xl":false,"xxl":false,"xxxl":false,"xxxxl":false,"xxxxxl":false,"1536x1536":false,"2048x2048":false,"trp-custom-language-flag":false},"uagb_author_info":{"display_name":"Lisa","author_link":"https:\/\/nikolaifromm.de\/en\/author\/lisa"},"uagb_comment_info":0,"uagb_excerpt":"Allgemeine Liefer- und Gesch\u00e4ftsbedingungen Geltung Die nachfolgenden allgemeinen Liefer- und Gesch\u00e4ftsbedingungen (im folgenden AGB genannt) gelten f\u00fcr alle vom Fotografen durchgef\u00fchrten Auftr\u00e4ge, Angebote, Lieferungen und Leistungen. Sie gelten als vereinbart mit Entgegennahme der Lieferung oder Leistung bzw. des Angebots des Fotografen durch den Kunden, oder konkludent durch Annahme der Leistung (z.B. Hochladen des Bildmaterials zur&hellip;","coauthors":[],"author_meta":{"author_link":"https:\/\/nikolaifromm.de\/en\/author\/lisa","display_name":"Lisa"},"relative_dates":{"created":"Posted 4 years ago","modified":"Updated 4 years ago"},"absolute_dates":{"created":"Posted on 20\/11\/2021","modified":"Updated on 20\/11\/2021"},"absolute_dates_time":{"created":"Posted on 20\/11\/2021 17:02","modified":"Updated on 20\/11\/2021 17:05"},"featured_img_caption":"","featured_img":false,"series_order":"","_links":{"self":[{"href":"https:\/\/nikolaifromm.de\/en\/wp-json\/wp\/v2\/pages\/5294","targetHints":{"allow":["GET"]}}],"collection":[{"href":"https:\/\/nikolaifromm.de\/en\/wp-json\/wp\/v2\/pages"}],"about":[{"href":"https:\/\/nikolaifromm.de\/en\/wp-json\/wp\/v2\/types\/page"}],"author":[{"embeddable":true,"href":"https:\/\/nikolaifromm.de\/en\/wp-json\/wp\/v2\/users\/2"}],"replies":[{"embeddable":true,"href":"https:\/\/nikolaifromm.de\/en\/wp-json\/wp\/v2\/comments?post=5294"}],"version-history":[{"count":5,"href":"https:\/\/nikolaifromm.de\/en\/wp-json\/wp\/v2\/pages\/5294\/revisions"}],"predecessor-version":[{"id":5299,"href":"https:\/\/nikolaifromm.de\/en\/wp-json\/wp\/v2\/pages\/5294\/revisions\/5299"}],"wp:attachment":[{"href":"https:\/\/nikolaifromm.de\/en\/wp-json\/wp\/v2\/media?parent=5294"}],"curies":[{"name":"wp","href":"https:\/\/api.w.org\/{rel}","templated":true}]}}