{"id":64,"date":"2021-10-16T18:30:46","date_gmt":"2021-10-16T16:30:46","guid":{"rendered":"https:\/\/nikolaifromm.de\/?page_id=64"},"modified":"2021-10-28T19:34:09","modified_gmt":"2021-10-28T17:34:09","slug":"ueber-mich","status":"publish","type":"page","link":"https:\/\/nikolaifromm.de\/en\/ueber-mich","title":{"rendered":"\u00dcber mich"},"content":{"rendered":"<br>\n\n\n\n<h2 class=\"has-text-align-center wp-block-heading\">Hi, ich bin Niko.<\/h2>\n\n\n\n<div class=\"wp-block-group\"><div class=\"wp-block-group__inner-container is-layout-flow wp-block-group-is-layout-flow\">\n<p>Wohnhaft bin ich im wundersch\u00f6nen <strong>Ulm<\/strong>, im S\u00fcden von Deutschland. Doch meine Heimat ist \u00fcberall da, wo ich mich kreativ ausleben kann.<\/p>\n\n\n\n<p class=\"has-text-align-center\"><strong>Vor \u00fcber 4 Jahren habe ich meine Leidenschaft f\u00fcr die Fotografie entdeckt.<\/strong> Dank vielen YouTube Videos und einigen Experimenten mit der Kamera habe ich mir selbst ein enormes Wissen angeeignet.<\/p>\n\n\n\n<p class=\"has-text-align-center\"><strong>Meine erste eigene Kamera bekam ich mit 18 Jahren.<\/strong> Sie war ein Geburtstagsgeschenk von meinem Vater.<\/p>\n\n\n\n<p class=\"has-text-align-center\">Seitdem versuche ich so viele Momente wie m\u00f6glich damit festzuhalten &#8211; mit \u00fcber 30.000 Fotos pro Jahr.<\/p>\n<\/div><\/div>\n\n\n\n<div class=\"wp-block-group alignfull\"><div class=\"wp-block-group__inner-container is-layout-flow wp-block-group-is-layout-flow\">\n<div class=\"wp-block-image\"><figure class=\"aligncenter size-large is-resized\"><img loading=\"lazy\" decoding=\"async\" src=\"https:\/\/nikolaifromm.de\/wp-content\/uploads\/2021\/10\/quote.png\" alt=\"\" class=\"wp-image-29\" width=\"64\" height=\"64\"\/><\/figure><\/div>\n\n\n\n<h2 class=\"has-text-align-center wp-block-heading\">No Risk. No Story.<\/h2>\n\n\n\n<p class=\"has-text-align-center\"><\/p>\n<\/div><\/div>\n\n\n\n<div class=\"wp-block-image\"><figure class=\"aligncenter size-large\"><img loading=\"lazy\" decoding=\"async\" width=\"1024\" height=\"682\" src=\"https:\/\/nikolaifromm.de\/wp-content\/uploads\/2021\/10\/Ich-5-1-1024x682.jpg\" alt=\"\" class=\"wp-image-4473\" srcset=\"https:\/\/nikolaifromm.de\/wp-content\/uploads\/2021\/10\/Ich-5-1-1024x682.jpg 1024w, https:\/\/nikolaifromm.de\/wp-content\/uploads\/2021\/10\/Ich-5-1-300x200.jpg 300w, https:\/\/nikolaifromm.de\/wp-content\/uploads\/2021\/10\/Ich-5-1-768x512.jpg 768w, https:\/\/nikolaifromm.de\/wp-content\/uploads\/2021\/10\/Ich-5-1.jpg 1280w\" sizes=\"auto, (max-width: 1024px) 100vw, 1024px\" \/><\/figure><\/div>","protected":false},"excerpt":{"rendered":"<p>Hi, ich bin Niko. Wohnhaft bin ich im wundersch\u00f6nen Ulm, im S\u00fcden von Deutschland. Doch meine Heimat ist \u00fcberall da, wo ich mich kreativ ausleben kann. Vor \u00fcber 4 Jahren habe ich meine Leidenschaft f\u00fcr die Fotografie entdeckt. Dank vielen YouTube Videos und einigen Experimenten mit der Kamera habe ich mir selbst ein enormes Wissen &#8230; <a title=\"\u00dcber mich\" class=\"read-more\" href=\"https:\/\/nikolaifromm.de\/en\/ueber-mich\" aria-label=\"Read more about \u00dcber mich\">Read more<\/a><\/p>","protected":false},"author":2,"featured_media":4404,"parent":0,"menu_order":0,"comment_status":"closed","ping_status":"closed","template":"","meta":{"_coblocks_attr":"","_coblocks_dimensions":"","_coblocks_responsive_height":"","_coblocks_accordion_ie_support":"","_uag_custom_page_level_css":"","advgb_blocks_editor_width":"","advgb_blocks_columns_visual_guide":"","slim_seo":[],"footnotes":""},"class_list":["post-64","page","type-page","status-publish","has-post-thumbnail"],"jetpack_sharing_enabled":true,"uagb_featured_image_src":{"full":["https:\/\/nikolaifromm.de\/wp-content\/uploads\/2021\/10\/Website-Ich-.jpg",1024,1280,false],"thumbnail":["https:\/\/nikolaifromm.de\/wp-content\/uploads\/2021\/10\/Website-Ich--150x150.jpg",150,150,true],"medium":["https:\/\/nikolaifromm.de\/wp-content\/uploads\/2021\/10\/Website-Ich--240x300.jpg",240,300,true],"medium_large":["https:\/\/nikolaifromm.de\/wp-content\/uploads\/2021\/10\/Website-Ich--768x960.jpg",768,960,true],"large":["https:\/\/nikolaifromm.de\/wp-content\/uploads\/2021\/10\/Website-Ich--819x1024.jpg",819,1024,true],"gs-tiny":["https:\/\/nikolaifromm.de\/wp-content\/uploads\/2021\/10\/Website-Ich-.jpg",50,63,false],"xl":["https:\/\/nikolaifromm.de\/wp-content\/uploads\/2021\/10\/Website-Ich-.jpg",1024,1280,false],"xxl":["https:\/\/nikolaifromm.de\/wp-content\/uploads\/2021\/10\/Website-Ich-.jpg",1024,1280,false],"xxxl":["https:\/\/nikolaifromm.de\/wp-content\/uploads\/2021\/10\/Website-Ich-.jpg",1024,1280,false],"xxxxl":["https:\/\/nikolaifromm.de\/wp-content\/uploads\/2021\/10\/Website-Ich-.jpg",1024,1280,false],"xxxxxl":["https:\/\/nikolaifromm.de\/wp-content\/uploads\/2021\/10\/Website-Ich-.jpg",1024,1280,false],"1536x1536":["https:\/\/nikolaifromm.de\/wp-content\/uploads\/2021\/10\/Website-Ich-.jpg",1024,1280,false],"2048x2048":["https:\/\/nikolaifromm.de\/wp-content\/uploads\/2021\/10\/Website-Ich-.jpg",1024,1280,false],"trp-custom-language-flag":["https:\/\/nikolaifromm.de\/wp-content\/uploads\/2021\/10\/Website-Ich-.jpg",10,12,false]},"uagb_author_info":{"display_name":"Lisa","author_link":"https:\/\/nikolaifromm.de\/en\/author\/lisa"},"uagb_comment_info":0,"uagb_excerpt":"Hi, ich bin Niko. Wohnhaft bin ich im wundersch\u00f6nen Ulm, im S\u00fcden von Deutschland. Doch meine Heimat ist \u00fcberall da, wo ich mich kreativ ausleben kann. Vor \u00fcber 4 Jahren habe ich meine Leidenschaft f\u00fcr die Fotografie entdeckt. Dank vielen YouTube Videos und einigen Experimenten mit der Kamera habe ich mir selbst ein enormes Wissen&hellip;","coauthors":[],"author_meta":{"author_link":"https:\/\/nikolaifromm.de\/en\/author\/lisa","display_name":"Lisa"},"relative_dates":{"created":"Posted 5 years ago","modified":"Updated 4 years ago"},"absolute_dates":{"created":"Posted on 16\/10\/2021","modified":"Updated on 28\/10\/2021"},"absolute_dates_time":{"created":"Posted on 16\/10\/2021 18:30","modified":"Updated on 28\/10\/2021 19:34"},"featured_img_caption":"","featured_img":"https:\/\/nikolaifromm.de\/wp-content\/uploads\/2021\/10\/Website-Ich-.jpg","series_order":"","_links":{"self":[{"href":"https:\/\/nikolaifromm.de\/en\/wp-json\/wp\/v2\/pages\/64","targetHints":{"allow":["GET"]}}],"collection":[{"href":"https:\/\/nikolaifromm.de\/en\/wp-json\/wp\/v2\/pages"}],"about":[{"href":"https:\/\/nikolaifromm.de\/en\/wp-json\/wp\/v2\/types\/page"}],"author":[{"embeddable":true,"href":"https:\/\/nikolaifromm.de\/en\/wp-json\/wp\/v2\/users\/2"}],"replies":[{"embeddable":true,"href":"https:\/\/nikolaifromm.de\/en\/wp-json\/wp\/v2\/comments?post=64"}],"version-history":[{"count":7,"href":"https:\/\/nikolaifromm.de\/en\/wp-json\/wp\/v2\/pages\/64\/revisions"}],"predecessor-version":[{"id":4775,"href":"https:\/\/nikolaifromm.de\/en\/wp-json\/wp\/v2\/pages\/64\/revisions\/4775"}],"wp:featuredmedia":[{"embeddable":true,"href":"https:\/\/nikolaifromm.de\/en\/wp-json\/wp\/v2\/media\/4404"}],"wp:attachment":[{"href":"https:\/\/nikolaifromm.de\/en\/wp-json\/wp\/v2\/media?parent=64"}],"curies":[{"name":"wp","href":"https:\/\/api.w.org\/{rel}","templated":true}]}}